{"id":193,"date":"2013-10-25T15:29:17","date_gmt":"2013-10-25T15:29:17","guid":{"rendered":"http:\/\/cressance.lu\/web\/?page_id=193"},"modified":"2015-04-03T13:03:05","modified_gmt":"2015-04-03T13:03:05","slug":"mentions-legales","status":"publish","type":"page","link":"https:\/\/cressance.lu\/web\/mentions-legales\/","title":{"rendered":"Mentions l\u00e9gales"},"content":{"rendered":"<p>CRESSANCE<br \/>\nAdresse:<br \/>\n15 rues saint Ulric<br \/>\nL-2651 Luxembourg \u2013 Grund<\/p>\n<p>T\u00e9l\u00e9phone: (+352)\u00a027 91 80 73<br \/>\nGsm: (+352) 671 044 268<\/p>\n<p>Email: <script type=\"text\/javascript\" language=\"Javascript\">\/\/ <![CDATA[\ndocument.write('<a href=\"mai');\n\t\t\t\t\tdocument.write('lto');\n\t\t\t\t\tdocument.write(':&#99;&#111;&#110;&#116;&#97;&#99;&#116;');\n\t\t\t\t\tdocument.write('@');\n\t\t\t\t\tdocument.write('&#99;&#114;&#101;&#115;&#115;&#97;&#110;&#99;&#101;&#46;&#108;&#117;\">');\n\t\t\t\t\tdocument.write('&#99;&#111;&#110;&#116;&#97;&#99;&#116;');\n\t\t\t\t\tdocument.write('@');\n\t\t\t\t\tdocument.write('&#99;&#114;&#101;&#115;&#115;&#97;&#110;&#99;&#101;&#46;&#108;&#117;<\\\/a>');\n\/\/ ]]><\/script><noscript>&#99;&#111;&#110;&#116;&#97;&#99;&#116; at<br \/>\n&#99;&#114;&#101;&#115;&#115;&#97;&#110;&#99;&#101; dot &#108;&#117;<\/noscript><\/p>\n<p>Registre de Commerce num\u00e9ro : A39260<br \/>\nTVA num\u00e9ro d&rsquo;identification : LU 123456<\/p>\n<p>Cressance est une marque d\u00e9pos\u00e9e.<\/p>\n<p>Propri\u00e9t\u00e9 intellectuelle et contrefa\u00e7ons.<br \/>\nCressance est propri\u00e9taire des droits de propri\u00e9t\u00e9 intellectuelle ou d\u00e9tient les droits d\u2019usage sur tous les \u00e9l\u00e9ments accessibles sur le site, notamment les textes, images, logo, mod\u00e8les de v\u00eatements.<\/p>\n<p>Toute reproduction, repr\u00e9sentation, modification, publication, adaptation de tout ou partie des \u00e9l\u00e9ments du site, quel que soit le moyen ou le proc\u00e9d\u00e9 utilis\u00e9, est interdite, sauf autorisation \u00e9crite pr\u00e9alable de Cressance.<\/p>\n<p>&#8212;<\/p>\n<p>Conseil et Web development : <a href=\"http:\/\/fontana.lu\" target=\"_blank\"><img decoding=\"async\" loading=\"lazy\" class=\"alignnone size-full wp-image-194\" style=\"margin-top: 10px;\" alt=\"fontana.lu-web-technology-consulting\" src=\"http:\/\/cressance.lu\/web\/wp-content\/uploads\/2013\/10\/fontana.lu-web-technology-consulting.png\" width=\"67\" height=\"16\" \/><\/a><\/p>\n<p>Design : <a href=\"http:\/\/biancodesign.net\" target=\"_blank\"><img decoding=\"async\" loading=\"lazy\" class=\"alignnone size-full wp-image-205\" alt=\"logo_new\" src=\"http:\/\/cressance.lu\/web\/wp-content\/uploads\/2013\/10\/logo_bianco.jpg\" width=\"40\" height=\"41\" \/><\/a><\/p>\n","protected":false},"excerpt":{"rendered":"<p>CRESSANCE Adresse: 15 rues saint Ulric L-2651 Luxembourg \u2013 Grund T\u00e9l\u00e9phone: (+352)\u00a027 91 80 73 Gsm: (+352) 671 044 268 Email: &#99;&#111;&#110;&#116;&#97;&#99;&#116; at &#99;&#114;&#101;&#115;&#115;&#97;&#110;&#99;&#101; dot &#108;&#117; Registre de Commerce num\u00e9ro : A39260 TVA num\u00e9ro d&rsquo;identification : LU 123456 Cressance est une marque d\u00e9pos\u00e9e. Propri\u00e9t\u00e9 intellectuelle et contrefa\u00e7ons. Cressance est propri\u00e9taire des droits de propri\u00e9t\u00e9 intellectuelle [&hellip;]<\/p>\n","protected":false},"author":1,"featured_media":0,"parent":0,"menu_order":0,"comment_status":"closed","ping_status":"open","template":"","meta":[],"_links":{"self":[{"href":"https:\/\/cressance.lu\/web\/wp-json\/wp\/v2\/pages\/193"}],"collection":[{"href":"https:\/\/cressance.lu\/web\/wp-json\/wp\/v2\/pages"}],"about":[{"href":"https:\/\/cressance.lu\/web\/wp-json\/wp\/v2\/types\/page"}],"author":[{"embeddable":true,"href":"https:\/\/cressance.lu\/web\/wp-json\/wp\/v2\/users\/1"}],"replies":[{"embeddable":true,"href":"https:\/\/cressance.lu\/web\/wp-json\/wp\/v2\/comments?post=193"}],"version-history":[{"count":11,"href":"https:\/\/cressance.lu\/web\/wp-json\/wp\/v2\/pages\/193\/revisions"}],"predecessor-version":[{"id":442,"href":"https:\/\/cressance.lu\/web\/wp-json\/wp\/v2\/pages\/193\/revisions\/442"}],"wp:attachment":[{"href":"https:\/\/cressance.lu\/web\/wp-json\/wp\/v2\/media?parent=193"}],"curies":[{"name":"wp","href":"https:\/\/api.w.org\/{rel}","templated":true}]}}