{"id":345,"date":"2015-01-28T09:23:51","date_gmt":"2015-01-28T09:23:51","guid":{"rendered":"http:\/\/cressance.lu\/web\/?page_id=345"},"modified":"2016-03-10T11:56:44","modified_gmt":"2016-03-10T11:56:44","slug":"la-maison-cressance","status":"publish","type":"page","link":"https:\/\/cressance.lu\/web\/la-maison-cressance\/","title":{"rendered":"La maison"},"content":{"rendered":"<h2>Made in Luxembourg,<br \/>\npour la femme et pour l\u2019homme.<\/h2>\n<p>La maison Cressance s\u2019adresse \u00e0 la fois aux particuliers et aux entreprises. Elle cr\u00e9e, con\u00e7oit, r\u00e9alise des v\u00eatements et du linge de maison sur-mesure.<\/p>\n<div class=\"flexslider\">\n<ul class=\"slides\">\n<li><img decoding=\"async\" loading=\"lazy\" class=\"alignnone size-full wp-image-476\" src=\"http:\/\/cressance.lu\/web\/wp-content\/uploads\/2016\/03\/IMG_2803-e1457610447324.jpg\" alt=\"IMG_2803\" width=\"2448\" height=\"3264\" srcset=\"https:\/\/cressance.lu\/web\/wp-content\/uploads\/2016\/03\/IMG_2803-e1457610447324.jpg 2448w, https:\/\/cressance.lu\/web\/wp-content\/uploads\/2016\/03\/IMG_2803-e1457610447324-225x300.jpg 225w, https:\/\/cressance.lu\/web\/wp-content\/uploads\/2016\/03\/IMG_2803-e1457610447324-768x1024.jpg 768w, https:\/\/cressance.lu\/web\/wp-content\/uploads\/2016\/03\/IMG_2803-e1457610447324-220x293.jpg 220w\" sizes=\"(max-width: 2448px) 100vw, 2448px\" \/><\/li>\n<li><img decoding=\"async\" loading=\"lazy\" class=\"alignnone size-full wp-image-475\" src=\"http:\/\/cressance.lu\/web\/wp-content\/uploads\/2016\/03\/IMG_2802-e1457610511700.jpg\" alt=\"IMG_2802\" width=\"2448\" height=\"3264\" srcset=\"https:\/\/cressance.lu\/web\/wp-content\/uploads\/2016\/03\/IMG_2802-e1457610511700.jpg 2448w, https:\/\/cressance.lu\/web\/wp-content\/uploads\/2016\/03\/IMG_2802-e1457610511700-225x300.jpg 225w, https:\/\/cressance.lu\/web\/wp-content\/uploads\/2016\/03\/IMG_2802-e1457610511700-768x1024.jpg 768w, https:\/\/cressance.lu\/web\/wp-content\/uploads\/2016\/03\/IMG_2802-e1457610511700-220x293.jpg 220w\" sizes=\"(max-width: 2448px) 100vw, 2448px\" \/><\/li>\n<li><img decoding=\"async\" loading=\"lazy\" class=\"alignnone size-full wp-image-472\" src=\"http:\/\/cressance.lu\/web\/wp-content\/uploads\/2016\/03\/IMG_27991-e1457610534943.jpg\" alt=\"IMG_2799\" width=\"2448\" height=\"3264\" srcset=\"https:\/\/cressance.lu\/web\/wp-content\/uploads\/2016\/03\/IMG_27991-e1457610534943.jpg 2448w, https:\/\/cressance.lu\/web\/wp-content\/uploads\/2016\/03\/IMG_27991-e1457610534943-225x300.jpg 225w, https:\/\/cressance.lu\/web\/wp-content\/uploads\/2016\/03\/IMG_27991-e1457610534943-768x1024.jpg 768w, https:\/\/cressance.lu\/web\/wp-content\/uploads\/2016\/03\/IMG_27991-e1457610534943-220x293.jpg 220w\" sizes=\"(max-width: 2448px) 100vw, 2448px\" \/><\/li>\n<li><img decoding=\"async\" loading=\"lazy\" class=\"alignnone size-full wp-image-471\" src=\"http:\/\/cressance.lu\/web\/wp-content\/uploads\/2016\/03\/IMG_27981-e1457610544564.jpg\" alt=\"IMG_2798\" width=\"2448\" height=\"3264\" srcset=\"https:\/\/cressance.lu\/web\/wp-content\/uploads\/2016\/03\/IMG_27981-e1457610544564.jpg 2448w, https:\/\/cressance.lu\/web\/wp-content\/uploads\/2016\/03\/IMG_27981-e1457610544564-225x300.jpg 225w, https:\/\/cressance.lu\/web\/wp-content\/uploads\/2016\/03\/IMG_27981-e1457610544564-768x1024.jpg 768w, https:\/\/cressance.lu\/web\/wp-content\/uploads\/2016\/03\/IMG_27981-e1457610544564-220x293.jpg 220w\" sizes=\"(max-width: 2448px) 100vw, 2448px\" \/><\/li>\n<li><img decoding=\"async\" loading=\"lazy\" class=\"alignnone size-full wp-image-470\" src=\"http:\/\/cressance.lu\/web\/wp-content\/uploads\/2016\/03\/IMG_27971-e1457610553852.jpg\" alt=\"IMG_2797\" width=\"2448\" height=\"3264\" srcset=\"https:\/\/cressance.lu\/web\/wp-content\/uploads\/2016\/03\/IMG_27971-e1457610553852.jpg 2448w, https:\/\/cressance.lu\/web\/wp-content\/uploads\/2016\/03\/IMG_27971-e1457610553852-225x300.jpg 225w, https:\/\/cressance.lu\/web\/wp-content\/uploads\/2016\/03\/IMG_27971-e1457610553852-768x1024.jpg 768w, https:\/\/cressance.lu\/web\/wp-content\/uploads\/2016\/03\/IMG_27971-e1457610553852-220x293.jpg 220w\" sizes=\"(max-width: 2448px) 100vw, 2448px\" \/><\/li>\n<li><img decoding=\"async\" loading=\"lazy\" class=\"alignnone size-full wp-image-469\" src=\"http:\/\/cressance.lu\/web\/wp-content\/uploads\/2016\/03\/IMG_27701.jpg\" alt=\"IMG_2770\" width=\"3264\" height=\"2448\" srcset=\"https:\/\/cressance.lu\/web\/wp-content\/uploads\/2016\/03\/IMG_27701.jpg 3264w, https:\/\/cressance.lu\/web\/wp-content\/uploads\/2016\/03\/IMG_27701-300x225.jpg 300w, https:\/\/cressance.lu\/web\/wp-content\/uploads\/2016\/03\/IMG_27701-1024x768.jpg 1024w, https:\/\/cressance.lu\/web\/wp-content\/uploads\/2016\/03\/IMG_27701-220x165.jpg 220w\" sizes=\"(max-width: 3264px) 100vw, 3264px\" \/><\/li>\n<li><img decoding=\"async\" loading=\"lazy\" class=\"alignnone size-full wp-image-468\" src=\"http:\/\/cressance.lu\/web\/wp-content\/uploads\/2016\/03\/IMG_26561-e1457610567712.jpg\" alt=\"IMG_2656\" width=\"2448\" height=\"3264\" srcset=\"https:\/\/cressance.lu\/web\/wp-content\/uploads\/2016\/03\/IMG_26561-e1457610567712.jpg 2448w, https:\/\/cressance.lu\/web\/wp-content\/uploads\/2016\/03\/IMG_26561-e1457610567712-225x300.jpg 225w, https:\/\/cressance.lu\/web\/wp-content\/uploads\/2016\/03\/IMG_26561-e1457610567712-768x1024.jpg 768w, https:\/\/cressance.lu\/web\/wp-content\/uploads\/2016\/03\/IMG_26561-e1457610567712-220x293.jpg 220w\" sizes=\"(max-width: 2448px) 100vw, 2448px\" \/><\/li>\n<li><img decoding=\"async\" loading=\"lazy\" class=\"alignnone size-full wp-image-467\" src=\"http:\/\/cressance.lu\/web\/wp-content\/uploads\/2016\/03\/IMG_26551-e1457610575421.jpg\" alt=\"IMG_2655\" width=\"2448\" height=\"3264\" srcset=\"https:\/\/cressance.lu\/web\/wp-content\/uploads\/2016\/03\/IMG_26551-e1457610575421.jpg 2448w, https:\/\/cressance.lu\/web\/wp-content\/uploads\/2016\/03\/IMG_26551-e1457610575421-225x300.jpg 225w, https:\/\/cressance.lu\/web\/wp-content\/uploads\/2016\/03\/IMG_26551-e1457610575421-768x1024.jpg 768w, https:\/\/cressance.lu\/web\/wp-content\/uploads\/2016\/03\/IMG_26551-e1457610575421-220x293.jpg 220w\" sizes=\"(max-width: 2448px) 100vw, 2448px\" \/><\/li>\n<li><img decoding=\"async\" loading=\"lazy\" class=\"alignnone size-full wp-image-465\" src=\"http:\/\/cressance.lu\/web\/wp-content\/uploads\/2016\/03\/IMG_26531-e1457610590201.jpg\" alt=\"IMG_2653\" width=\"2448\" height=\"3264\" srcset=\"https:\/\/cressance.lu\/web\/wp-content\/uploads\/2016\/03\/IMG_26531-e1457610590201.jpg 2448w, https:\/\/cressance.lu\/web\/wp-content\/uploads\/2016\/03\/IMG_26531-e1457610590201-225x300.jpg 225w, https:\/\/cressance.lu\/web\/wp-content\/uploads\/2016\/03\/IMG_26531-e1457610590201-768x1024.jpg 768w, https:\/\/cressance.lu\/web\/wp-content\/uploads\/2016\/03\/IMG_26531-e1457610590201-220x293.jpg 220w\" sizes=\"(max-width: 2448px) 100vw, 2448px\" \/><\/li>\n<li><img decoding=\"async\" loading=\"lazy\" class=\"alignnone size-full wp-image-480\" src=\"http:\/\/cressance.lu\/web\/wp-content\/uploads\/2016\/03\/IMG_2955.jpg\" alt=\"IMG_2955\" width=\"2448\" height=\"2448\" srcset=\"https:\/\/cressance.lu\/web\/wp-content\/uploads\/2016\/03\/IMG_2955.jpg 2448w, https:\/\/cressance.lu\/web\/wp-content\/uploads\/2016\/03\/IMG_2955-150x150.jpg 150w, https:\/\/cressance.lu\/web\/wp-content\/uploads\/2016\/03\/IMG_2955-300x300.jpg 300w, https:\/\/cressance.lu\/web\/wp-content\/uploads\/2016\/03\/IMG_2955-1024x1024.jpg 1024w, https:\/\/cressance.lu\/web\/wp-content\/uploads\/2016\/03\/IMG_2955-100x100.jpg 100w, https:\/\/cressance.lu\/web\/wp-content\/uploads\/2016\/03\/IMG_2955-50x50.jpg 50w, https:\/\/cressance.lu\/web\/wp-content\/uploads\/2016\/03\/IMG_2955-220x220.jpg 220w\" sizes=\"(max-width: 2448px) 100vw, 2448px\" \/><\/li>\n<li><img decoding=\"async\" loading=\"lazy\" class=\"alignnone size-full wp-image-478\" src=\"http:\/\/cressance.lu\/web\/wp-content\/uploads\/2016\/03\/IMG_2807.jpg\" alt=\"IMG_2807\" width=\"2448\" height=\"2448\" srcset=\"https:\/\/cressance.lu\/web\/wp-content\/uploads\/2016\/03\/IMG_2807.jpg 2448w, https:\/\/cressance.lu\/web\/wp-content\/uploads\/2016\/03\/IMG_2807-150x150.jpg 150w, https:\/\/cressance.lu\/web\/wp-content\/uploads\/2016\/03\/IMG_2807-300x300.jpg 300w, https:\/\/cressance.lu\/web\/wp-content\/uploads\/2016\/03\/IMG_2807-1024x1024.jpg 1024w, https:\/\/cressance.lu\/web\/wp-content\/uploads\/2016\/03\/IMG_2807-100x100.jpg 100w, https:\/\/cressance.lu\/web\/wp-content\/uploads\/2016\/03\/IMG_2807-50x50.jpg 50w, https:\/\/cressance.lu\/web\/wp-content\/uploads\/2016\/03\/IMG_2807-220x220.jpg 220w\" sizes=\"(max-width: 2448px) 100vw, 2448px\" \/><\/li>\n<\/ul>\n<\/div>\n<p><strong>Cr\u00e9ation<\/strong><br \/>\nLa maison Cressance met en avant ses talents de cr\u00e9ation au service de sa client\u00e8le. Ainsi, elle met en vente des v\u00eatements uniques dans leur espace showroom. Toutes nos cr\u00e9ations sont fabriqu\u00e9es\u00a0\u00e0 Luxembourg et b\u00e9n\u00e9ficient du label \u00ab\u00a0Made in Luxembourg\u00a0\u00bb.<\/p>\n<p><strong>V\u00eatements sur-mesure<br \/>\n<\/strong>L\u2019atelier de couture est \u00e0 l\u2019\u00e9coute de ses clients en leur proposant de r\u00e9aliser sur-mesure des v\u00eatements port\u00e9s aussi bien dans la vie de tous les jours que des v\u00eatements pour des occasions particuli\u00e8res. Aussi, des couturi\u00e8res sont pr\u00e9sentes afin d\u2019aiguiller les clients dans le choix des mati\u00e8res et des mod\u00e8les les plus adapt\u00e9s \u00e0 leur silhouette.<\/p>\n<p><strong>Retouches<\/strong><br \/>\nLa maison r\u00e9alise aussi bien des retouches sur du linge de maison que sur des v\u00eatements. Ainsi, il est aussi bien possible de faire appel \u00e0 leurs services pour r\u00e9ajuster des rideaux que pour faire des ourlets ou encore r\u00e9parer une fermeture \u00e0 glissi\u00e8re. Gr\u00e2ce \u00e0 leur savoir-faire et \u00e0 leurs doigts de f\u00e9e, les couturi\u00e8res de la maison ex\u00e9cutent \u00e0 la perfection les retouches demand\u00e9es.<\/p>\n<p><strong>Customisation<\/strong><br \/>\nLa customisation est un art \u00e0 la mode que la maison Cressance propose \u00e0 ses clients. Afin d\u2019apporter un nouveau souffle \u00e0 une pi\u00e8ce, les couturi\u00e8res l\u2019am\u00e9liorent en harmonisant les couleurs et en valorisant les \u00e9l\u00e9ments qui la compose. Les travaux de couture sont r\u00e9alis\u00e9s avec des machines professionnelles, assurant la garantie d\u2019un travail efficace et bien fait.<\/p>\n","protected":false},"excerpt":{"rendered":"<p>Made in Luxembourg, pour la femme et pour l\u2019homme. La maison Cressance s\u2019adresse \u00e0 la fois aux particuliers et aux entreprises. Elle cr\u00e9e, con\u00e7oit, r\u00e9alise des v\u00eatements et du linge de maison sur-mesure. Cr\u00e9ation La maison Cressance met en avant ses talents de cr\u00e9ation au service de sa client\u00e8le. Ainsi, elle met en vente des [&hellip;]<\/p>\n","protected":false},"author":1,"featured_media":0,"parent":0,"menu_order":0,"comment_status":"closed","ping_status":"open","template":"","meta":[],"_links":{"self":[{"href":"https:\/\/cressance.lu\/web\/wp-json\/wp\/v2\/pages\/345"}],"collection":[{"href":"https:\/\/cressance.lu\/web\/wp-json\/wp\/v2\/pages"}],"about":[{"href":"https:\/\/cressance.lu\/web\/wp-json\/wp\/v2\/types\/page"}],"author":[{"embeddable":true,"href":"https:\/\/cressance.lu\/web\/wp-json\/wp\/v2\/users\/1"}],"replies":[{"embeddable":true,"href":"https:\/\/cressance.lu\/web\/wp-json\/wp\/v2\/comments?post=345"}],"version-history":[{"count":14,"href":"https:\/\/cressance.lu\/web\/wp-json\/wp\/v2\/pages\/345\/revisions"}],"predecessor-version":[{"id":482,"href":"https:\/\/cressance.lu\/web\/wp-json\/wp\/v2\/pages\/345\/revisions\/482"}],"wp:attachment":[{"href":"https:\/\/cressance.lu\/web\/wp-json\/wp\/v2\/media?parent=345"}],"curies":[{"name":"wp","href":"https:\/\/api.w.org\/{rel}","templated":true}]}}